{"id":142,"date":"2023-02-07T22:30:52","date_gmt":"2023-02-07T22:30:52","guid":{"rendered":"https:\/\/aacontario.ca\/?page_id=142"},"modified":"2026-03-26T15:00:56","modified_gmt":"2026-03-26T15:00:56","slug":"advocacy","status":"publish","type":"page","link":"https:\/\/aacontario.ca\/fr\/advocacy\/","title":{"rendered":"D\u00e9fense des int\u00e9r\u00eats"},"content":{"rendered":"<h1 class=\"wp-block-heading has-text-align-center\">2025<\/h1>\n\n\n\n<p class=\"has-text-align-center\">Presented by the Alliance of Arts Councils of Ontario at the Association of Municipalities of Ontario (AMO)<br>Annual Conference 2025<\/p>\n\n\n\n<figure class=\"wp-block-gallery has-nested-images columns-default is-cropped wp-block-gallery-1 is-layout-flex wp-block-gallery-is-layout-flex\">\n<figure class=\"wp-block-image size-large\"><img loading=\"lazy\" decoding=\"async\" width=\"819\" height=\"1024\" data-id=\"572\" src=\"https:\/\/aacontario.ca\/wp-content\/uploads\/2025\/01\/AACO-3-819x1024.jpg\" alt=\"\" class=\"wp-image-572\" srcset=\"https:\/\/aacontario.ca\/wp-content\/uploads\/2025\/01\/AACO-3-819x1024.jpg 819w, https:\/\/aacontario.ca\/wp-content\/uploads\/2025\/01\/AACO-3-240x300.jpg 240w, https:\/\/aacontario.ca\/wp-content\/uploads\/2025\/01\/AACO-3-768x960.jpg 768w, https:\/\/aacontario.ca\/wp-content\/uploads\/2025\/01\/AACO-3-10x12.jpg 10w, https:\/\/aacontario.ca\/wp-content\/uploads\/2025\/01\/AACO-3.jpg 1080w\" sizes=\"auto, (max-width: 819px) 100vw, 819px\" \/><\/figure>\n<\/figure>\n\n\n\n<figure class=\"wp-block-gallery has-nested-images columns-default is-cropped wp-block-gallery-2 is-layout-flex wp-block-gallery-is-layout-flex\">\n<figure class=\"wp-block-image size-large\"><img loading=\"lazy\" decoding=\"async\" width=\"819\" height=\"1024\" data-id=\"571\" src=\"https:\/\/aacontario.ca\/wp-content\/uploads\/2025\/01\/AACO-page2-1-819x1024.jpg\" alt=\"\" class=\"wp-image-571\" srcset=\"https:\/\/aacontario.ca\/wp-content\/uploads\/2025\/01\/AACO-page2-1-819x1024.jpg 819w, https:\/\/aacontario.ca\/wp-content\/uploads\/2025\/01\/AACO-page2-1-240x300.jpg 240w, https:\/\/aacontario.ca\/wp-content\/uploads\/2025\/01\/AACO-page2-1-768x960.jpg 768w, https:\/\/aacontario.ca\/wp-content\/uploads\/2025\/01\/AACO-page2-1-10x12.jpg 10w, https:\/\/aacontario.ca\/wp-content\/uploads\/2025\/01\/AACO-page2-1.jpg 1080w\" sizes=\"auto, (max-width: 819px) 100vw, 819px\" \/><\/figure>\n<\/figure>\n\n\n\n<div class=\"wp-block-group alignfull has-global-padding is-layout-constrained wp-container-core-group-is-layout-4484486d wp-block-group-is-layout-constrained\" style=\"margin-top:0px;padding-top:var(--wp--preset--spacing--x-large);padding-right:30px;padding-bottom:var(--wp--preset--spacing--x-large);padding-left:30px\">\n<h2 class=\"wp-block-heading has-text-align-center has-max-48-font-size\" id=\"let-s-connect\" style=\"margin-bottom:20px\">2024<\/h2>\n\n\n\n<p class=\"has-text-align-center\">Pre- Budget Consultation Ontario<\/p>\n\n\n\n<div class=\"wp-block-buttons is-content-justification-center is-layout-flex wp-container-core-buttons-is-layout-a89b3969 wp-block-buttons-is-layout-flex\">\n<div class=\"wp-block-button\"><a class=\"wp-block-button__link wp-element-button\" href=\"https:\/\/aacontario.ca\/wp-content\/uploads\/2024\/02\/AACO-Ontario-Government-Pre-Budget-Consultation-2024.docx\" target=\"_blank\" rel=\"noreferrer noopener\">PROVINCIAL<\/a><\/div>\n\n\n\n<div class=\"wp-block-button\"><a class=\"wp-block-button__link wp-element-button\" href=\"https:\/\/aacontario.ca\/wp-content\/uploads\/2024\/02\/AACO-Federal-Government-Pre-Budget-Consultation-2024.docx\" target=\"_blank\" rel=\"noreferrer noopener\">FEDERAL<\/a><\/div>\n<\/div>\n\n\n\n<div class=\"wp-block-buttons alignwide is-content-justification-center is-layout-flex wp-container-core-buttons-is-layout-86e1f5e2 wp-block-buttons-is-layout-flex\">\n<div class=\"wp-block-button\"><a class=\"wp-block-button__link wp-element-button\" href=\"https:\/\/drive.google.com\/file\/d\/1Kr3O5lhjkhODrosf88aPGMfZdy3LiblV\/view?usp=sharing\">Read full submission HERE<\/a><\/div>\n<\/div>\n<\/div>\n\n\n\n<h2 class=\"wp-block-heading has-text-align-center\">2024 AACO Symposium<\/h2>\n\n\n\n<p class=\"has-text-align-center\">October 28, 2024<\/p>\n\n\n\n<div data-wp-interactive=\"core\/file\" class=\"wp-block-file\"><object data-wp-bind--hidden=\"!state.hasPdfPreview\" hidden class=\"wp-block-file__embed\" data=\"https:\/\/aacontario.ca\/wp-content\/uploads\/2026\/03\/AACO-Symposium-October-2024-3.pdf\" type=\"application\/pdf\" style=\"width:100%;height:600px\" aria-label=\"Contenu incorpor\u00e9 AACO Symposium October 2024 (3).\"><\/object><a id=\"wp-block-file--media-1790024e-ae6b-4735-bfa3-f47450b3fb49\" href=\"https:\/\/aacontario.ca\/wp-content\/uploads\/2026\/03\/AACO-Symposium-October-2024-3.pdf\">AACO Symposium October 2024 (3)<\/a><a href=\"https:\/\/aacontario.ca\/wp-content\/uploads\/2026\/03\/AACO-Symposium-October-2024-3.pdf\" class=\"wp-block-file__button wp-element-button\" download aria-describedby=\"wp-block-file--media-1790024e-ae6b-4735-bfa3-f47450b3fb49\">Download<\/a><\/div>\n\n\n\n<div class=\"wp-block-group alignfull has-global-padding is-layout-constrained wp-container-core-group-is-layout-841e1923 wp-block-group-is-layout-constrained\" style=\"margin-top:0px;padding-top:var(--wp--preset--spacing--x-large);padding-right:30px;padding-bottom:var(--wp--preset--spacing--x-large);padding-left:30px\">\n<h2 class=\"wp-block-heading has-text-align-center has-max-48-font-size\" id=\"let-s-connect\" style=\"margin-bottom:20px\">November 2023<\/h2>\n\n\n\n<p class=\"has-text-align-center\">Alliance Statement<\/p>\n\n\n\n<div class=\"wp-block-buttons is-content-justification-center is-layout-flex wp-container-core-buttons-is-layout-a89b3969 wp-block-buttons-is-layout-flex\">\n<div class=\"wp-block-button\"><a class=\"wp-block-button__link wp-element-button\" href=\"https:\/\/aacontario.ca\/wp-content\/uploads\/2024\/02\/AACO-email-to-Premier-Doug-Ford-on-Mental-Health-OAC-Study.docx\" target=\"_blank\" rel=\"noreferrer noopener\">VIEW HERE<\/a><\/div>\n<\/div>\n<\/div>\n\n\n\n<div class=\"wp-block-group alignfull has-global-padding is-layout-constrained wp-container-core-group-is-layout-4484486d wp-block-group-is-layout-constrained\" style=\"margin-top:0px;padding-top:var(--wp--preset--spacing--x-large);padding-right:30px;padding-bottom:var(--wp--preset--spacing--x-large);padding-left:30px\">\n<p class=\"has-text-align-center\">2023 Pre- Budget Consultation Ontario<\/p>\n\n\n\n<p><\/p>\n\n\n\n<div class=\"wp-block-buttons is-content-justification-center is-layout-flex wp-container-core-buttons-is-layout-a89b3969 wp-block-buttons-is-layout-flex\">\n<div class=\"wp-block-button\"><a class=\"wp-block-button__link wp-element-button\" href=\"https:\/\/aacontario.ca\/wp-content\/uploads\/2024\/02\/AACO-Minister-of-Finance-Budget-2023-Ontario-Arts-Council.docx\" target=\"_blank\" rel=\"noreferrer noopener\">PROVINCIAL<\/a><\/div>\n\n\n\n<div class=\"wp-block-button\"><a class=\"wp-block-button__link wp-element-button\" href=\"https:\/\/aacontario.ca\/wp-content\/uploads\/2024\/02\/AACO-Federal-Government-Pre-Budget-Consultation-2023.docx\" target=\"_blank\" rel=\"noreferrer noopener\">FEDERAL<\/a><\/div>\n\n\n\n<div class=\"wp-block-button\"><a class=\"wp-block-button__link wp-element-button\" href=\"https:\/\/aacontario.ca\/wp-content\/uploads\/2024\/02\/AACO-Ontario-Government-Pre-Budget-Consultation-2023.docx\" target=\"_blank\" rel=\"noreferrer noopener\">MoF BUDGET<\/a><\/div>\n\n\n\n<div class=\"wp-block-button\"><a class=\"wp-block-button__link wp-element-button\" href=\"https:\/\/aacontario.ca\/wp-content\/uploads\/2024\/02\/ONN-2023-Pre-Budget-Submission.pdf\" target=\"_blank\" rel=\"noreferrer noopener\">ONN PRE-BUDGET SUBMISSION<\/a><\/div>\n\n\n\n<div class=\"wp-block-button\"><a class=\"wp-block-button__link wp-element-button\" href=\"https:\/\/aacontario.ca\/wp-content\/uploads\/2024\/02\/ONN-Submission-Positions.docx\" target=\"_blank\" rel=\"noreferrer noopener\">ONN SUBMISSION POSITION<\/a><\/div>\n<\/div>\n<\/div>\n\n\n\n<div class=\"wp-block-group alignfull has-global-padding is-layout-constrained wp-container-core-group-is-layout-4484486d wp-block-group-is-layout-constrained\" style=\"margin-top:0px;padding-top:var(--wp--preset--spacing--x-large);padding-right:30px;padding-bottom:var(--wp--preset--spacing--x-large);padding-left:30px\">\n<h2 class=\"wp-block-heading has-text-align-center has-max-48-font-size\" id=\"let-s-connect\" style=\"margin-bottom:20px\">2022<\/h2>\n\n\n\n<p class=\"has-text-align-center\">Pre- Budget Consultation Ontario<\/p>\n\n\n\n<p><\/p>\n\n\n\n<div class=\"wp-block-buttons is-content-justification-center is-layout-flex wp-container-core-buttons-is-layout-a89b3969 wp-block-buttons-is-layout-flex\">\n<div class=\"wp-block-button\"><a class=\"wp-block-button__link wp-element-button\" href=\"https:\/\/aacontario.ca\/wp-content\/uploads\/2024\/02\/AACO-Submission-to-Ontario-2022-Pre-Budget-Consultations-Final-January-26-2022.pdf\" target=\"_blank\" rel=\"noreferrer noopener\">FINAL<\/a><\/div>\n\n\n\n<div class=\"wp-block-button\"><a class=\"wp-block-button__link wp-element-button\" href=\"https:\/\/aacontario.ca\/wp-content\/uploads\/2024\/02\/AACO-Submission-to-Ontario-2022-Pre-Budget-Consultations-confirmation-email.pdf\" target=\"_blank\" rel=\"noreferrer noopener\">CONFIRMATION<\/a><\/div>\n<\/div>\n<\/div>","protected":false},"excerpt":{"rendered":"<p>2025 Presented by the Alliance of Arts Councils of Ontario at the Association of Municipalities of Ontario (AMO)Annual Conference 2025 2024 Pre- Budget Consultation Ontario 2024 AACO Symposium October 28, 2024 November 2023 Alliance Statement 2023 Pre- Budget Consultation Ontario 2022 Pre- Budget Consultation Ontario<\/p>","protected":false},"author":1,"featured_media":0,"parent":0,"menu_order":4,"comment_status":"closed","ping_status":"closed","template":"no-title","meta":{"footnotes":""},"class_list":["post-142","page","type-page","status-publish","hentry"],"yoast_head":"<!-- This site is optimized with the Yoast SEO plugin v21.9.1 - https:\/\/yoast.com\/wordpress\/plugins\/seo\/ -->\n<title>Advocacy - Alliance of Arts Councils of Ontario<\/title>\n<meta name=\"robots\" content=\"index, follow, max-snippet:-1, max-image-preview:large, max-video-preview:-1\" \/>\n<link rel=\"canonical\" href=\"https:\/\/aacontario.ca\/fr\/advocacy\/\" \/>\n<meta property=\"og:locale\" content=\"fr_CA\" \/>\n<meta property=\"og:type\" content=\"article\" \/>\n<meta property=\"og:title\" content=\"Advocacy - Alliance of Arts Councils of Ontario\" \/>\n<meta property=\"og:description\" content=\"2025 Presented by the Alliance of Arts Councils of Ontario at the Association of Municipalities of Ontario (AMO)Annual Conference 2025 2024 Pre- Budget Consultation Ontario 2024 AACO Symposium October 28, 2024 November 2023 Alliance Statement 2023 Pre- Budget Consultation Ontario 2022 Pre- Budget Consultation Ontario\" \/>\n<meta property=\"og:url\" content=\"https:\/\/aacontario.ca\/fr\/advocacy\/\" \/>\n<meta property=\"og:site_name\" content=\"Alliance of Arts Councils of Ontario\" \/>\n<meta property=\"article:publisher\" content=\"https:\/\/www.facebook.com\/AllianceofArtsCouncilsofOntario\" \/>\n<meta property=\"article:modified_time\" content=\"2026-03-26T15:00:56+00:00\" \/>\n<meta property=\"og:image\" content=\"https:\/\/aacontario.ca\/wp-content\/uploads\/2025\/01\/AACO-3-819x1024.jpg\" \/>\n<meta name=\"twitter:card\" content=\"summary_large_image\" \/>\n<meta name=\"twitter:site\" content=\"@aacontario\" \/>\n<meta name=\"twitter:label1\" content=\"Estimation du temps de lecture\" \/>\n\t<meta name=\"twitter:data1\" content=\"1 minute\" \/>\n<script type=\"application\/ld+json\" class=\"yoast-schema-graph\">{\"@context\":\"https:\/\/schema.org\",\"@graph\":[{\"@type\":\"WebPage\",\"@id\":\"https:\/\/aacontario.ca\/advocacy\/\",\"url\":\"https:\/\/aacontario.ca\/advocacy\/\",\"name\":\"Advocacy - Alliance of Arts Councils of Ontario\",\"isPartOf\":{\"@id\":\"https:\/\/aacontario.ca\/#website\"},\"datePublished\":\"2023-02-07T22:30:52+00:00\",\"dateModified\":\"2026-03-26T15:00:56+00:00\",\"breadcrumb\":{\"@id\":\"https:\/\/aacontario.ca\/advocacy\/#breadcrumb\"},\"inLanguage\":\"fr-CA\",\"potentialAction\":[{\"@type\":\"ReadAction\",\"target\":[\"https:\/\/aacontario.ca\/advocacy\/\"]}]},{\"@type\":\"BreadcrumbList\",\"@id\":\"https:\/\/aacontario.ca\/advocacy\/#breadcrumb\",\"itemListElement\":[{\"@type\":\"ListItem\",\"position\":1,\"name\":\"Home\",\"item\":\"https:\/\/aacontario.ca\/\"},{\"@type\":\"ListItem\",\"position\":2,\"name\":\"Advocacy\"}]},{\"@type\":\"WebSite\",\"@id\":\"https:\/\/aacontario.ca\/#website\",\"url\":\"https:\/\/aacontario.ca\/\",\"name\":\"Alliance of Arts Councils of Ontario\",\"description\":\"To champion the arts and serve as a unified voice for collaborative advocacy for the sector\u2019s advancement in Ontario, AACO connects arts service organizations through the exchange of resources and best practices.\",\"publisher\":{\"@id\":\"https:\/\/aacontario.ca\/#organization\"},\"potentialAction\":[{\"@type\":\"SearchAction\",\"target\":{\"@type\":\"EntryPoint\",\"urlTemplate\":\"https:\/\/aacontario.ca\/?s={search_term_string}\"},\"query-input\":\"required name=search_term_string\"}],\"inLanguage\":\"fr-CA\"},{\"@type\":\"Organization\",\"@id\":\"https:\/\/aacontario.ca\/#organization\",\"name\":\"Alliance of Arts Councils of Ontario\",\"alternateName\":\"AACO\",\"url\":\"https:\/\/aacontario.ca\/\",\"logo\":{\"@type\":\"ImageObject\",\"inLanguage\":\"fr-CA\",\"@id\":\"https:\/\/aacontario.ca\/#\/schema\/logo\/image\/\",\"url\":\"https:\/\/aacontario.ca\/wp-content\/uploads\/2023\/02\/aaco-logo.png\",\"contentUrl\":\"https:\/\/aacontario.ca\/wp-content\/uploads\/2023\/02\/aaco-logo.png\",\"width\":495,\"height\":90,\"caption\":\"Alliance of Arts Councils of Ontario\"},\"image\":{\"@id\":\"https:\/\/aacontario.ca\/#\/schema\/logo\/image\/\"},\"sameAs\":[\"https:\/\/www.facebook.com\/AllianceofArtsCouncilsofOntario\",\"https:\/\/twitter.com\/aacontario\",\"https:\/\/www.linkedin.com\/company\/alliance-of-arts-councils-of-ontario\/\"]}]}<\/script>\n<!-- \/ Yoast SEO plugin. -->","yoast_head_json":{"title":"Advocacy - Alliance of Arts Councils of Ontario","robots":{"index":"index","follow":"follow","max-snippet":"max-snippet:-1","max-image-preview":"max-image-preview:large","max-video-preview":"max-video-preview:-1"},"canonical":"https:\/\/aacontario.ca\/fr\/advocacy\/","og_locale":"fr_CA","og_type":"article","og_title":"Advocacy - Alliance of Arts Councils of Ontario","og_description":"2025 Presented by the Alliance of Arts Councils of Ontario at the Association of Municipalities of Ontario (AMO)Annual Conference 2025 2024 Pre- Budget Consultation Ontario 2024 AACO Symposium October 28, 2024 November 2023 Alliance Statement 2023 Pre- Budget Consultation Ontario 2022 Pre- Budget Consultation Ontario","og_url":"https:\/\/aacontario.ca\/fr\/advocacy\/","og_site_name":"Alliance of Arts Councils of Ontario","article_publisher":"https:\/\/www.facebook.com\/AllianceofArtsCouncilsofOntario","article_modified_time":"2026-03-26T15:00:56+00:00","og_image":[{"url":"https:\/\/aacontario.ca\/wp-content\/uploads\/2025\/01\/AACO-3-819x1024.jpg"}],"twitter_card":"summary_large_image","twitter_site":"@aacontario","twitter_misc":{"Estimation du temps de lecture":"1 minute"},"schema":{"@context":"https:\/\/schema.org","@graph":[{"@type":"WebPage","@id":"https:\/\/aacontario.ca\/advocacy\/","url":"https:\/\/aacontario.ca\/advocacy\/","name":"Advocacy - Alliance of Arts Councils of Ontario","isPartOf":{"@id":"https:\/\/aacontario.ca\/#website"},"datePublished":"2023-02-07T22:30:52+00:00","dateModified":"2026-03-26T15:00:56+00:00","breadcrumb":{"@id":"https:\/\/aacontario.ca\/advocacy\/#breadcrumb"},"inLanguage":"fr-CA","potentialAction":[{"@type":"ReadAction","target":["https:\/\/aacontario.ca\/advocacy\/"]}]},{"@type":"BreadcrumbList","@id":"https:\/\/aacontario.ca\/advocacy\/#breadcrumb","itemListElement":[{"@type":"ListItem","position":1,"name":"Home","item":"https:\/\/aacontario.ca\/"},{"@type":"ListItem","position":2,"name":"Advocacy"}]},{"@type":"WebSite","@id":"https:\/\/aacontario.ca\/#website","url":"https:\/\/aacontario.ca\/","name":"Alliance of Arts Councils of Ontario","description":"To champion the arts and serve as a unified voice for collaborative advocacy for the sector\u2019s advancement in Ontario, AACO connects arts service organizations through the exchange of resources and best practices.","publisher":{"@id":"https:\/\/aacontario.ca\/#organization"},"potentialAction":[{"@type":"SearchAction","target":{"@type":"EntryPoint","urlTemplate":"https:\/\/aacontario.ca\/?s={search_term_string}"},"query-input":"required name=search_term_string"}],"inLanguage":"fr-CA"},{"@type":"Organization","@id":"https:\/\/aacontario.ca\/#organization","name":"Alliance of Arts Councils of Ontario","alternateName":"AACO","url":"https:\/\/aacontario.ca\/","logo":{"@type":"ImageObject","inLanguage":"fr-CA","@id":"https:\/\/aacontario.ca\/#\/schema\/logo\/image\/","url":"https:\/\/aacontario.ca\/wp-content\/uploads\/2023\/02\/aaco-logo.png","contentUrl":"https:\/\/aacontario.ca\/wp-content\/uploads\/2023\/02\/aaco-logo.png","width":495,"height":90,"caption":"Alliance of Arts Councils of Ontario"},"image":{"@id":"https:\/\/aacontario.ca\/#\/schema\/logo\/image\/"},"sameAs":["https:\/\/www.facebook.com\/AllianceofArtsCouncilsofOntario","https:\/\/twitter.com\/aacontario","https:\/\/www.linkedin.com\/company\/alliance-of-arts-councils-of-ontario\/"]}]}},"acf":[],"_links":{"self":[{"href":"https:\/\/aacontario.ca\/fr\/wp-json\/wp\/v2\/pages\/142","targetHints":{"allow":["GET"]}}],"collection":[{"href":"https:\/\/aacontario.ca\/fr\/wp-json\/wp\/v2\/pages"}],"about":[{"href":"https:\/\/aacontario.ca\/fr\/wp-json\/wp\/v2\/types\/page"}],"author":[{"embeddable":true,"href":"https:\/\/aacontario.ca\/fr\/wp-json\/wp\/v2\/users\/1"}],"replies":[{"embeddable":true,"href":"https:\/\/aacontario.ca\/fr\/wp-json\/wp\/v2\/comments?post=142"}],"version-history":[{"count":16,"href":"https:\/\/aacontario.ca\/fr\/wp-json\/wp\/v2\/pages\/142\/revisions"}],"predecessor-version":[{"id":681,"href":"https:\/\/aacontario.ca\/fr\/wp-json\/wp\/v2\/pages\/142\/revisions\/681"}],"wp:attachment":[{"href":"https:\/\/aacontario.ca\/fr\/wp-json\/wp\/v2\/media?parent=142"}],"curies":[{"name":"wp","href":"https:\/\/api.w.org\/{rel}","templated":true}]}}